{"id":115,"date":"2020-03-13T15:28:00","date_gmt":"2020-03-13T15:28:00","guid":{"rendered":"https:\/\/startersites.io\/blocksy\/modern-shop\/?page_id=115"},"modified":"2025-11-04T10:08:06","modified_gmt":"2025-11-04T10:08:06","slug":"o-nas","status":"publish","type":"page","link":"https:\/\/apollosince1973.pl\/?page_id=115","title":{"rendered":"O nas"},"content":{"rendered":"\t\t<div data-elementor-type=\"wp-page\" data-elementor-id=\"115\" class=\"elementor elementor-115\" data-elementor-post-type=\"page\">\n\t\t\t\t<div class=\"elementor-element elementor-element-35ce8429 e-flex e-con-boxed e-con e-parent\" data-id=\"35ce8429\" data-element_type=\"container\" data-settings=\"{&quot;background_background&quot;:&quot;classic&quot;}\">\n\t\t\t\t\t<div class=\"e-con-inner\">\n\t\t<div class=\"elementor-element elementor-element-2bb235fd e-flex e-con-boxed e-con e-child\" data-id=\"2bb235fd\" data-element_type=\"container\">\n\t\t\t\t\t<div class=\"e-con-inner\">\n\t\t\t\t<div class=\"elementor-element elementor-element-bfef274 elementor-widget elementor-widget-heading\" data-id=\"bfef274\" data-element_type=\"widget\" data-widget_type=\"heading.default\">\n\t\t\t\t<div class=\"elementor-widget-container\">\n\t\t\t\t\t<h2 class=\"elementor-heading-title elementor-size-default\">APOLLO SINCE 1973<\/h2>\t\t\t\t<\/div>\n\t\t\t\t<\/div>\n\t\t\t\t\t<\/div>\n\t\t\t\t<\/div>\n\t\t<div class=\"elementor-element elementor-element-6d6149b4 e-con-full e-flex e-con e-child\" data-id=\"6d6149b4\" data-element_type=\"container\">\n\t\t<div class=\"elementor-element elementor-element-173cf29d e-con-full e-flex e-con e-child\" data-id=\"173cf29d\" data-element_type=\"container\">\n\t\t\t\t<div class=\"elementor-element elementor-element-4471a25a elementor-widget elementor-widget-heading\" data-id=\"4471a25a\" data-element_type=\"widget\" data-widget_type=\"heading.default\">\n\t\t\t\t<div class=\"elementor-widget-container\">\n\t\t\t\t\t<h3 class=\"elementor-heading-title elementor-size-default\">nasza misja\n<\/h3>\t\t\t\t<\/div>\n\t\t\t\t<\/div>\n\t\t\t\t<div class=\"elementor-element elementor-element-b10366f elementor-widget elementor-widget-text-editor\" data-id=\"b10366f\" data-element_type=\"widget\" data-widget_type=\"text-editor.default\">\n\t\t\t\t<div class=\"elementor-widget-container\">\n\t\t\t\t\t\t\t\t\t<p data-start=\"288\" data-end=\"582\">Nasz\u0105 misj\u0105 jest tworzenie <strong data-start=\"315\" data-end=\"328\">rotomat\u00f3w<\/strong>, kt\u00f3re \u0142\u0105cz\u0105 <strong data-start=\"342\" data-end=\"378\">niezawodno\u015b\u0107, jako\u015b\u0107 i elegancj\u0119<\/strong> w przyst\u0119pnej formie.<br data-start=\"400\" data-end=\"403\" \/>Wierzymy, \u017ce doskona\u0142y produkt nie musi by\u0107 zarezerwowany wy\u0142\u0105cznie dla nielicznych \u2013 dlatego od lat d\u0105\u017cymy do tego, by <strong data-start=\"523\" data-end=\"581\">elegancja by\u0142a dost\u0119pna dla ka\u017cdego mi\u0142o\u015bnika zegark\u00f3w<\/strong>.<\/p><p data-start=\"584\" data-end=\"826\">Ka\u017cdy rotomat Apollo powstaje z <strong data-start=\"616\" data-end=\"636\">pasji do zegar\u00f3w<\/strong>, precyzji wykonania i szacunku do tradycji.<br data-start=\"680\" data-end=\"683\" \/>Naszym celem jest dostarczanie produkt\u00f3w, kt\u00f3re nie tylko chroni\u0105 i piel\u0119gnuj\u0105 zegarki, ale r\u00f3wnie\u017c <strong data-start=\"783\" data-end=\"812\">podkre\u015blaj\u0105 ich charakter<\/strong> i <strong data-start=\"815\" data-end=\"825\">pi\u0119kno<\/strong>.<\/p>\t\t\t\t\t\t\t\t<\/div>\n\t\t\t\t<\/div>\n\t\t\t\t<\/div>\n\t\t<div class=\"elementor-element elementor-element-4064f4da e-con-full e-flex e-con e-child\" data-id=\"4064f4da\" data-element_type=\"container\">\n\t\t\t\t<div class=\"elementor-element elementor-element-4de80b71 elementor-widget elementor-widget-heading\" data-id=\"4de80b71\" data-element_type=\"widget\" data-widget_type=\"heading.default\">\n\t\t\t\t<div class=\"elementor-widget-container\">\n\t\t\t\t\t<h3 class=\"elementor-heading-title elementor-size-default\">nasze warto\u015bci<\/h3>\t\t\t\t<\/div>\n\t\t\t\t<\/div>\n\t\t\t\t<div class=\"elementor-element elementor-element-232eced elementor-widget elementor-widget-text-editor\" data-id=\"232eced\" data-element_type=\"widget\" data-widget_type=\"text-editor.default\">\n\t\t\t\t<div class=\"elementor-widget-container\">\n\t\t\t\t\t\t\t\t\t<p data-start=\"328\" data-end=\"556\">Ka\u017cdy rotomat Apollo powstaje z dba\u0142o\u015bci\u0105 o najmniejsze detale.<br data-start=\"391\" data-end=\"394\" \/>Stawiamy na <strong data-start=\"406\" data-end=\"448\">trwa\u0142o\u015b\u0107, precyzj\u0119 i solidne wykonanie<\/strong>, dzi\u0119ki czemu nasze produkty s\u0142u\u017c\u0105 przez lata, zachowuj\u0105c nie tylko funkcjonalno\u015b\u0107, ale i elegancki wygl\u0105d.<\/p><p data-start=\"586\" data-end=\"845\">Zegarki to co\u015b wi\u0119cej ni\u017c narz\u0119dzie do mierzenia czasu \u2013 to symbol stylu, historii i osobowo\u015bci.<br data-start=\"682\" data-end=\"685\" \/>Nasza pasja do zegar\u00f3w nap\u0119dza nas do nieustannego doskonalenia produkt\u00f3w i projektowania rotomat\u00f3w, kt\u00f3re w pe\u0142ni oddaj\u0105 szacunek do sztuki zegarmistrzowskiej.<\/p><p data-start=\"877\" data-end=\"1090\">Czerpiemy z dziedzictwa rzemios\u0142a oraz niemieckiej precyzji projektowania.<br data-start=\"951\" data-end=\"954\" \/>\u0141\u0105czymy <strong data-start=\"962\" data-end=\"985\">klasyczne podej\u015bcie<\/strong> z nowoczesn\u0105 technologi\u0105, tworz\u0105c rotomaty, kt\u00f3re \u0142\u0105cz\u0105 <strong data-start=\"1042\" data-end=\"1089\">ducha tradycji z funkcjonalno\u015bci\u0105 XXI wieku<\/strong>.<\/p><p data-start=\"1125\" data-end=\"1352\"><br data-start=\"1209\" data-end=\"1212\" \/>.<\/p>\t\t\t\t\t\t\t\t<\/div>\n\t\t\t\t<\/div>\n\t\t\t\t<\/div>\n\t\t<div class=\"elementor-element elementor-element-1ad1a283 e-con-full e-flex e-con e-child\" data-id=\"1ad1a283\" data-element_type=\"container\">\n\t\t\t\t<div class=\"elementor-element elementor-element-1ff1cb88 elementor-widget elementor-widget-heading\" data-id=\"1ff1cb88\" data-element_type=\"widget\" data-widget_type=\"heading.default\">\n\t\t\t\t<div class=\"elementor-widget-container\">\n\t\t\t\t\t<h3 class=\"elementor-heading-title elementor-size-default\">NASZA HISTORIA<\/h3>\t\t\t\t<\/div>\n\t\t\t\t<\/div>\n\t\t\t\t<div class=\"elementor-element elementor-element-93644eb elementor-widget elementor-widget-text-editor\" data-id=\"93644eb\" data-element_type=\"widget\" data-widget_type=\"text-editor.default\">\n\t\t\t\t<div class=\"elementor-widget-container\">\n\t\t\t\t\t\t\t\t\t<p data-start=\"247\" data-end=\"523\">Marka <strong data-start=\"253\" data-end=\"263\">Apollo<\/strong> ma <strong data-start=\"267\" data-end=\"291\">wieloletni\u0105 histori\u0119<\/strong>, zakorzenion\u0105 w pasji do tworzenia akcesori\u00f3w, kt\u00f3re \u0142\u0105cz\u0105 funkcjonalno\u015b\u0107 z ponadczasowym stylem.<br data-start=\"389\" data-end=\"392\" \/>Od pocz\u0105tku konsekwentnie rozwijamy nasze zami\u0142owanie do zegark\u00f3w, tworz\u0105c <strong data-start=\"467\" data-end=\"479\">rotomaty<\/strong>, kt\u00f3re podkre\u015blaj\u0105 ich wyj\u0105tkowy charakter.<\/p><p data-start=\"525\" data-end=\"843\">Projektowane w <strong data-start=\"540\" data-end=\"553\">Niemczech<\/strong> rotomaty Apollo powstaj\u0105 z dba\u0142o\u015bci\u0105 o ka\u017cdy detal \u2013 od precyzji mechanizmu po elegancj\u0119 formy.<br data-start=\"649\" data-end=\"652\" \/>Naszym celem jest po\u0142\u0105czenie <strong data-start=\"681\" data-end=\"732\">tradycyjnego rzemios\u0142a z nowoczesn\u0105 technologi\u0105<\/strong>, oferuj\u0105c produkty, kt\u00f3re zachowuj\u0105 ducha klasyki, a jednocze\u015bnie pozostaj\u0105 dost\u0119pne w konkurencyjnych cenach.<\/p>\t\t\t\t\t\t\t\t<\/div>\n\t\t\t\t<\/div>\n\t\t\t\t<\/div>\n\t\t\t\t<\/div>\n\t\t\t\t\t<\/div>\n\t\t\t\t<\/div>\n\t\t<div class=\"elementor-element elementor-element-307315c e-grid e-con-boxed e-con e-parent\" data-id=\"307315c\" data-element_type=\"container\">\n\t\t\t\t\t<div class=\"e-con-inner\">\n\t\t\t\t<div class=\"elementor-element elementor-element-c9e2be1 elementor-widget elementor-widget-image\" data-id=\"c9e2be1\" data-element_type=\"widget\" data-widget_type=\"image.default\">\n\t\t\t\t<div class=\"elementor-widget-container\">\n\t\t\t\t\t\t\t\t\t\t\t\t\t\t\t<img fetchpriority=\"high\" decoding=\"async\" width=\"1024\" height=\"1024\" src=\"https:\/\/apollosince1973.pl\/wp-content\/uploads\/2024\/11\/1-95-1024x1024.jpg\" class=\"attachment-large size-large wp-image-4482\" alt=\"\" srcset=\"https:\/\/apollosince1973.pl\/wp-content\/uploads\/2024\/11\/1-95-1024x1024.jpg 1024w, https:\/\/apollosince1973.pl\/wp-content\/uploads\/2024\/11\/1-95-300x300.jpg 300w, https:\/\/apollosince1973.pl\/wp-content\/uploads\/2024\/11\/1-95-150x150.jpg 150w, https:\/\/apollosince1973.pl\/wp-content\/uploads\/2024\/11\/1-95-768x768.jpg 768w, https:\/\/apollosince1973.pl\/wp-content\/uploads\/2024\/11\/1-95-1536x1536.jpg 1536w, https:\/\/apollosince1973.pl\/wp-content\/uploads\/2024\/11\/1-95-2048x2048.jpg 2048w, https:\/\/apollosince1973.pl\/wp-content\/uploads\/2024\/11\/1-95-600x600.jpg 600w, https:\/\/apollosince1973.pl\/wp-content\/uploads\/2024\/11\/1-95-100x100.jpg 100w\" sizes=\"(max-width: 1024px) 100vw, 1024px\" \/>\t\t\t\t\t\t\t\t\t\t\t\t\t\t\t<\/div>\n\t\t\t\t<\/div>\n\t\t\t\t<div class=\"elementor-element elementor-element-3102b22 elementor-widget elementor-widget-image\" data-id=\"3102b22\" data-element_type=\"widget\" data-widget_type=\"image.default\">\n\t\t\t\t<div class=\"elementor-widget-container\">\n\t\t\t\t\t\t\t\t\t\t\t\t\t\t\t<img decoding=\"async\" width=\"1024\" height=\"1024\" src=\"https:\/\/apollosince1973.pl\/wp-content\/uploads\/2024\/11\/1-105-1024x1024.jpg\" class=\"attachment-large size-large wp-image-4601\" alt=\"\" srcset=\"https:\/\/apollosince1973.pl\/wp-content\/uploads\/2024\/11\/1-105-1024x1024.jpg 1024w, https:\/\/apollosince1973.pl\/wp-content\/uploads\/2024\/11\/1-105-300x300.jpg 300w, https:\/\/apollosince1973.pl\/wp-content\/uploads\/2024\/11\/1-105-150x150.jpg 150w, https:\/\/apollosince1973.pl\/wp-content\/uploads\/2024\/11\/1-105-768x768.jpg 768w, https:\/\/apollosince1973.pl\/wp-content\/uploads\/2024\/11\/1-105-1536x1536.jpg 1536w, https:\/\/apollosince1973.pl\/wp-content\/uploads\/2024\/11\/1-105-2048x2048.jpg 2048w, https:\/\/apollosince1973.pl\/wp-content\/uploads\/2024\/11\/1-105-600x600.jpg 600w, https:\/\/apollosince1973.pl\/wp-content\/uploads\/2024\/11\/1-105-100x100.jpg 100w\" sizes=\"(max-width: 1024px) 100vw, 1024px\" \/>\t\t\t\t\t\t\t\t\t\t\t\t\t\t\t<\/div>\n\t\t\t\t<\/div>\n\t\t\t\t<div class=\"elementor-element elementor-element-60857fc elementor-widget elementor-widget-image\" data-id=\"60857fc\" data-element_type=\"widget\" data-widget_type=\"image.default\">\n\t\t\t\t<div class=\"elementor-widget-container\">\n\t\t\t\t\t\t\t\t\t\t\t\t\t\t\t<img decoding=\"async\" width=\"1024\" height=\"1024\" src=\"https:\/\/apollosince1973.pl\/wp-content\/uploads\/2024\/11\/1-94-1024x1024.jpg\" class=\"attachment-large size-large wp-image-4477\" alt=\"\" srcset=\"https:\/\/apollosince1973.pl\/wp-content\/uploads\/2024\/11\/1-94-1024x1024.jpg 1024w, https:\/\/apollosince1973.pl\/wp-content\/uploads\/2024\/11\/1-94-300x300.jpg 300w, https:\/\/apollosince1973.pl\/wp-content\/uploads\/2024\/11\/1-94-150x150.jpg 150w, https:\/\/apollosince1973.pl\/wp-content\/uploads\/2024\/11\/1-94-768x768.jpg 768w, https:\/\/apollosince1973.pl\/wp-content\/uploads\/2024\/11\/1-94-1536x1536.jpg 1536w, https:\/\/apollosince1973.pl\/wp-content\/uploads\/2024\/11\/1-94-2048x2048.jpg 2048w, https:\/\/apollosince1973.pl\/wp-content\/uploads\/2024\/11\/1-94-600x600.jpg 600w, https:\/\/apollosince1973.pl\/wp-content\/uploads\/2024\/11\/1-94-100x100.jpg 100w\" sizes=\"(max-width: 1024px) 100vw, 1024px\" \/>\t\t\t\t\t\t\t\t\t\t\t\t\t\t\t<\/div>\n\t\t\t\t<\/div>\n\t\t\t\t<div class=\"elementor-element elementor-element-d268bdd elementor-widget elementor-widget-image\" data-id=\"d268bdd\" data-element_type=\"widget\" data-widget_type=\"image.default\">\n\t\t\t\t<div class=\"elementor-widget-container\">\n\t\t\t\t\t\t\t\t\t\t\t\t\t\t\t<img loading=\"lazy\" decoding=\"async\" width=\"1024\" height=\"1024\" src=\"https:\/\/apollosince1973.pl\/wp-content\/uploads\/2024\/11\/1-84-1024x1024.jpg\" class=\"attachment-large size-large wp-image-4431\" alt=\"\" srcset=\"https:\/\/apollosince1973.pl\/wp-content\/uploads\/2024\/11\/1-84-1024x1024.jpg 1024w, https:\/\/apollosince1973.pl\/wp-content\/uploads\/2024\/11\/1-84-300x300.jpg 300w, https:\/\/apollosince1973.pl\/wp-content\/uploads\/2024\/11\/1-84-150x150.jpg 150w, https:\/\/apollosince1973.pl\/wp-content\/uploads\/2024\/11\/1-84-768x768.jpg 768w, https:\/\/apollosince1973.pl\/wp-content\/uploads\/2024\/11\/1-84-1536x1536.jpg 1536w, https:\/\/apollosince1973.pl\/wp-content\/uploads\/2024\/11\/1-84-2048x2048.jpg 2048w, https:\/\/apollosince1973.pl\/wp-content\/uploads\/2024\/11\/1-84-600x600.jpg 600w, https:\/\/apollosince1973.pl\/wp-content\/uploads\/2024\/11\/1-84-100x100.jpg 100w\" sizes=\"(max-width: 1024px) 100vw, 1024px\" \/>\t\t\t\t\t\t\t\t\t\t\t\t\t\t\t<\/div>\n\t\t\t\t<\/div>\n\t\t\t\t<div class=\"elementor-element elementor-element-6b787e4 elementor-widget elementor-widget-image\" data-id=\"6b787e4\" data-element_type=\"widget\" data-widget_type=\"image.default\">\n\t\t\t\t<div class=\"elementor-widget-container\">\n\t\t\t\t\t\t\t\t\t\t\t\t\t\t\t<img loading=\"lazy\" decoding=\"async\" width=\"1024\" height=\"1024\" src=\"https:\/\/apollosince1973.pl\/wp-content\/uploads\/2024\/11\/1-74-1024x1024.jpg\" class=\"attachment-large size-large wp-image-4312\" alt=\"\" srcset=\"https:\/\/apollosince1973.pl\/wp-content\/uploads\/2024\/11\/1-74-1024x1024.jpg 1024w, https:\/\/apollosince1973.pl\/wp-content\/uploads\/2024\/11\/1-74-300x300.jpg 300w, https:\/\/apollosince1973.pl\/wp-content\/uploads\/2024\/11\/1-74-150x150.jpg 150w, https:\/\/apollosince1973.pl\/wp-content\/uploads\/2024\/11\/1-74-768x768.jpg 768w, https:\/\/apollosince1973.pl\/wp-content\/uploads\/2024\/11\/1-74-1536x1536.jpg 1536w, https:\/\/apollosince1973.pl\/wp-content\/uploads\/2024\/11\/1-74-2048x2048.jpg 2048w, https:\/\/apollosince1973.pl\/wp-content\/uploads\/2024\/11\/1-74-600x600.jpg 600w, https:\/\/apollosince1973.pl\/wp-content\/uploads\/2024\/11\/1-74-100x100.jpg 100w\" sizes=\"(max-width: 1024px) 100vw, 1024px\" \/>\t\t\t\t\t\t\t\t\t\t\t\t\t\t\t<\/div>\n\t\t\t\t<\/div>\n\t\t\t\t<div class=\"elementor-element elementor-element-325f66a elementor-widget elementor-widget-image\" data-id=\"325f66a\" data-element_type=\"widget\" data-widget_type=\"image.default\">\n\t\t\t\t<div class=\"elementor-widget-container\">\n\t\t\t\t\t\t\t\t\t\t\t\t\t\t\t<img loading=\"lazy\" decoding=\"async\" width=\"1024\" height=\"1024\" src=\"https:\/\/apollosince1973.pl\/wp-content\/uploads\/2024\/11\/1-61-1024x1024.jpg\" class=\"attachment-large size-large wp-image-4143\" alt=\"\" srcset=\"https:\/\/apollosince1973.pl\/wp-content\/uploads\/2024\/11\/1-61-1024x1024.jpg 1024w, https:\/\/apollosince1973.pl\/wp-content\/uploads\/2024\/11\/1-61-300x300.jpg 300w, https:\/\/apollosince1973.pl\/wp-content\/uploads\/2024\/11\/1-61-150x150.jpg 150w, https:\/\/apollosince1973.pl\/wp-content\/uploads\/2024\/11\/1-61-768x768.jpg 768w, https:\/\/apollosince1973.pl\/wp-content\/uploads\/2024\/11\/1-61-1536x1536.jpg 1536w, https:\/\/apollosince1973.pl\/wp-content\/uploads\/2024\/11\/1-61-2048x2048.jpg 2048w, https:\/\/apollosince1973.pl\/wp-content\/uploads\/2024\/11\/1-61-600x600.jpg 600w, https:\/\/apollosince1973.pl\/wp-content\/uploads\/2024\/11\/1-61-100x100.jpg 100w\" sizes=\"(max-width: 1024px) 100vw, 1024px\" \/>\t\t\t\t\t\t\t\t\t\t\t\t\t\t\t<\/div>\n\t\t\t\t<\/div>\n\t\t\t\t\t<\/div>\n\t\t\t\t<\/div>\n\t\t<div class=\"elementor-element elementor-element-4c6cfd0 e-flex e-con-boxed e-con e-parent\" data-id=\"4c6cfd0\" data-element_type=\"container\">\n\t\t\t\t\t<div class=\"e-con-inner\">\n\t\t\t\t\t<\/div>\n\t\t\t\t<\/div>\n\t\t\t\t<\/div>\n\t\t","protected":false},"excerpt":{"rendered":"<p>Massa sed elementum tempus egestas sed sed risus. Risus at ultrices mi tempus imperdiet nulla malesuada pellentesque elit.<\/p>\n","protected":false},"author":4,"featured_media":0,"parent":0,"menu_order":0,"comment_status":"closed","ping_status":"closed","template":"","meta":{"footnotes":""},"class_list":["post-115","page","type-page","status-publish","hentry"],"blocksy_meta":{"page_title_panel":"","has_hero_section":"disabled","6774d2922b2e043009dd0369630c6648":"","hero_section":"type-2","hero_alignment1":"left","hero_alignment2":"center","hero_height":{"0":"500px","1":"500px","2":"500px","3":"500px","4":"500px","desktop":"600px","tablet":"500px","mobile":"400px","__changed":["tablet","tablet","mobile","mobile"]},"page_title_bg_type":"custom_image","custom_hero_background":{"attachment_id":228,"url":"https:\/\/startersites.io\/elementor\/modern-shop\/wp-content\/uploads\/2020\/03\/ashley-knedler-Pf5Pj7A5ddA-unsplash-1024x422.jpg"},"parallax":{"desktop":true,"tablet":false,"mobile":false},"6b74a569d6954c8dde2fe0e3330a3d07":"","single_meta_elements":{"author":false,"date":false,"categories":false,"comments":false,"updated":false,"tags":false},"has_meta_label":"yes","has_meta_avatar":"yes","date_format_source":"custom","single_meta_date_format":"M j, Y","b97b3b35a921898a5a649956dd3ef2c9":"","page_excerpt_visibility":{"desktop":true,"tablet":true,"mobile":true},"pageTitleFont":{"family":"Default","variation":"n9","size":{"desktop":"55px","tablet":"40px","mobile":"30px","__changed":["tablet","tablet","mobile","mobile","mobile"]},"line-height":"1.3","letter-spacing":"CT_CSS_SKIP_RULE","text-transform":"CT_CSS_SKIP_RULE","text-decoration":"CT_CSS_SKIP_RULE"},"pageTitleFontColor":{"default":{"color":"CT_CSS_SKIP_RULEDEFAULT"}},"pageMetaFont":{"family":"Default","variation":"n6","size":{"desktop":"12px","tablet":"12px","mobile":"12px"},"line-height":"1.3","letter-spacing":"CT_CSS_SKIP_RULE","text-transform":"uppercase","text-decoration":"CT_CSS_SKIP_RULE"},"pageMetaFontColor":{"default":{"color":"CT_CSS_SKIP_RULEDEFAULT"},"hover":{"color":"CT_CSS_SKIP_RULEDEFAULT"}},"pageExcerptFont":{"family":"Default","variation":"n5","size":"CT_CSS_SKIP_RULE","line-height":"CT_CSS_SKIP_RULE","letter-spacing":"CT_CSS_SKIP_RULE","text-transform":"CT_CSS_SKIP_RULE","text-decoration":"CT_CSS_SKIP_RULE"},"pageExcerptColor":{"default":{"color":"CT_CSS_SKIP_RULEDEFAULT"}},"pageTitleOverlay":{"default":{"color":"CT_CSS_SKIP_RULE"}},"pageTitleBackground":{"background_type":"color","background_pattern":"type-1","background_image":{"attachment_id":null,"x":0,"y":0},"background_repeat":"no-repeat","background_size":"auto","background_attachment":"scroll","patternColor":{"default":{"color":"#e5e7ea"}},"backgroundColor":{"default":{"color":"#EDEFF2"}},"default":{"color":"#edeff2"}},"e9c08d358e8061a13c6703914fc3e107":"","page_structure_type":"default","page_enable_vertical_spacing":"yes","37e2e5405a48b6dcb367458103437801":"","disable_featured_image":"no","5a23f5815557fff3b572a1ff51bc4447":"","6d18f3e1ac54c9cd1e3e09c3f4dedc8c":"","b11ba8cda6e4bad1311d96230b11a88a":"","1292d792724cdd47c48bd6e6b2e81566":"","ae2e39a6f1a394fbe333e5ca05e5bfb9":"","b025400c48fbaec82191e6798433add3":"","1ea904d02bce5589e5973cd0e6215a6d":"","af31de1a48854c5746ce4378b7f4b10c":"","aa0594d089a317f833967ec6c78ba836":"","8de4197d97c9487ce3f5018fbd54c81e":"","25f8cf7144e44cf269774b333f6c2343":"","c80e3da369fc9e2454430a6d146a31c8":"","23baab15e83c8d7083e2769a437a4768":"","3b5108b2aa7ad8a9428e511d430a3fbe":"","670381c96849f0626bfb58ac79a38931":"","efc6e89b572992af985a906e0b0677c7":"","hero_elements":[{"id":"custom_title","enabled":true,"heading_tag":"h1","title":"Home"},{"id":"custom_description","enabled":true,"description_visibility":{"desktop":true,"tablet":true,"mobile":false}},{"id":"custom_meta","enabled":false,"meta_elements":[{"id":"author","enabled":true,"label":"By","has_author_avatar":"yes","avatar_size":25},{"id":"post_date","enabled":true,"label":"On","date_format_source":"default","date_format":"M j, Y"},{"id":"comments","enabled":true}],"page_meta_elements":{"joined":true,"articles_count":true,"comments":true}},{"id":"breadcrumbs","enabled":false}],"9f21be5163e55bd032bea22f195ff20e":"","hero_vertical_alignment":"center","hero_structure":"narrow","breadcrumbsFont":{"family":"Default","variation":"n6","size":"12px","line-height":"CT_CSS_SKIP_RULE","letter-spacing":"CT_CSS_SKIP_RULE","text-transform":"uppercase","text-decoration":"CT_CSS_SKIP_RULE"},"breadcrumbsFontColor":{"default":{"color":"CT_CSS_SKIP_RULEDEFAULT"},"initial":{"color":"CT_CSS_SKIP_RULEDEFAULT"},"hover":{"color":"CT_CSS_SKIP_RULEDEFAULT"}},"96d5a5dade1ac81fdc2f23e8c7cb5b1f":"","content_style":"inherit","vertical_spacing_source":"custom","content_area_spacing":"none","background":{"background_type":"color","background_pattern":"type-1","background_image":{"attachment_id":null,"x":0,"y":0},"background_repeat":"no-repeat","background_size":"auto","background_attachment":"scroll","patternColor":{"default":{"color":"#e5e7ea"}},"backgroundColor":{"default":{"color":"CT_CSS_SKIP_RULE"}}},"content_background":{"background_type":"color","background_pattern":"type-1","background_image":{"attachment_id":null,"x":0,"y":0},"background_repeat":"no-repeat","background_size":"auto","background_attachment":"scroll","patternColor":{"default":{"color":"#e5e7ea"}},"backgroundColor":{"default":{"color":"#ffffff"}}},"content_boxed_spacing":{"desktop":"40px","tablet":"35px","mobile":"20px"},"content_boxed_radius":{"top":"3px","bottom":"3px","left":"3px","right":"3px","linked":true},"content_boxed_shadow":{"blur":18,"spread":-6,"v_offset":12,"h_offset":0,"inset":false,"enable":true,"color":{"color":"rgba(34, 56, 101, 0.04)"}},"4bdd9d5997a1f0298d97c2c762f3e2af":"","d780ec6ce909dd8e59a960d0a26ab4c7":"","db7716d397d76637263ec6a3062d99f5":"","6fe45d801239fa686eb3a5a59830a196":"","4b0189eec5ad97685a72ec47b45589b8":"","styles_descriptor":{"styles":{"desktop":"","tablet":"","mobile":""},"google_fonts":[],"version":6}},"_links":{"self":[{"href":"https:\/\/apollosince1973.pl\/index.php?rest_route=\/wp\/v2\/pages\/115","targetHints":{"allow":["GET"]}}],"collection":[{"href":"https:\/\/apollosince1973.pl\/index.php?rest_route=\/wp\/v2\/pages"}],"about":[{"href":"https:\/\/apollosince1973.pl\/index.php?rest_route=\/wp\/v2\/types\/page"}],"author":[{"embeddable":true,"href":"https:\/\/apollosince1973.pl\/index.php?rest_route=\/wp\/v2\/users\/4"}],"replies":[{"embeddable":true,"href":"https:\/\/apollosince1973.pl\/index.php?rest_route=%2Fwp%2Fv2%2Fcomments&post=115"}],"version-history":[{"count":46,"href":"https:\/\/apollosince1973.pl\/index.php?rest_route=\/wp\/v2\/pages\/115\/revisions"}],"predecessor-version":[{"id":5052,"href":"https:\/\/apollosince1973.pl\/index.php?rest_route=\/wp\/v2\/pages\/115\/revisions\/5052"}],"wp:attachment":[{"href":"https:\/\/apollosince1973.pl\/index.php?rest_route=%2Fwp%2Fv2%2Fmedia&parent=115"}],"curies":[{"name":"wp","href":"https:\/\/api.w.org\/{rel}","templated":true}]}}